{"id":1420,"date":"2024-08-26T17:32:57","date_gmt":"2024-08-26T22:32:57","guid":{"rendered":"https:\/\/arufesp.com\/?page_id=1420"},"modified":"2024-09-06T21:20:43","modified_gmt":"2024-09-07T02:20:43","slug":"incentivo-a-la-separacion-en-la-fuente-dinc","status":"publish","type":"page","link":"https:\/\/arufesp.com\/index.php\/incentivo-a-la-separacion-en-la-fuente-dinc\/","title":{"rendered":"Incentivo a la separaci\u00f3n en la fuente (DINC)"},"content":{"rendered":"\t\t<div data-elementor-type=\"wp-page\" data-elementor-id=\"1420\" class=\"elementor elementor-1420\">\n\t\t\t\t\t\t<section class=\"elementor-section elementor-top-section elementor-element elementor-element-b7524ac elementor-section-boxed elementor-section-height-default elementor-section-height-default\" data-id=\"b7524ac\" data-element_type=\"section\">\n\t\t\t\t\t\t<div class=\"elementor-container elementor-column-gap-default\">\n\t\t\t\t\t<div class=\"elementor-column elementor-col-100 elementor-top-column elementor-element elementor-element-f453213\" data-id=\"f453213\" data-element_type=\"column\">\n\t\t\t<div class=\"elementor-widget-wrap elementor-element-populated\">\n\t\t\t\t\t\t<div class=\"elementor-element elementor-element-68d8565 elementor-widget elementor-widget-image\" data-id=\"68d8565\" data-element_type=\"widget\" data-widget_type=\"image.default\">\n\t\t\t\t<div class=\"elementor-widget-container\">\n\t\t\t\t\t\t\t\t\t\t\t\t\t\t\t<img fetchpriority=\"high\" decoding=\"async\" width=\"768\" height=\"432\" src=\"https:\/\/arufesp.com\/wp-content\/uploads\/2024\/09\/image-9-768x432.png\" class=\"attachment-medium_large size-medium_large wp-image-1330\" alt=\"\" srcset=\"https:\/\/arufesp.com\/wp-content\/uploads\/2024\/09\/image-9-768x432.png 768w, https:\/\/arufesp.com\/wp-content\/uploads\/2024\/09\/image-9-300x169.png 300w, https:\/\/arufesp.com\/wp-content\/uploads\/2024\/09\/image-9-1024x576.png 1024w, https:\/\/arufesp.com\/wp-content\/uploads\/2024\/09\/image-9-1536x864.png 1536w, https:\/\/arufesp.com\/wp-content\/uploads\/2024\/09\/image-9-2048x1152.png 2048w\" sizes=\"(max-width: 768px) 100vw, 768px\" \/>\t\t\t\t\t\t\t\t\t\t\t\t\t\t\t<\/div>\n\t\t\t\t<\/div>\n\t\t\t\t\t<\/div>\n\t\t<\/div>\n\t\t\t\t\t<\/div>\n\t\t<\/section>\n\t\t\t\t<section class=\"elementor-section elementor-top-section elementor-element elementor-element-1848cc2 elementor-section-boxed elementor-section-height-default elementor-section-height-default\" data-id=\"1848cc2\" data-element_type=\"section\">\n\t\t\t\t\t\t<div class=\"elementor-container elementor-column-gap-default\">\n\t\t\t\t\t<div class=\"elementor-column elementor-col-100 elementor-top-column elementor-element elementor-element-57d235f\" data-id=\"57d235f\" data-element_type=\"column\">\n\t\t\t<div class=\"elementor-widget-wrap elementor-element-populated\">\n\t\t\t\t\t\t<div class=\"elementor-element elementor-element-8713162 elementor-widget elementor-widget-text-editor\" data-id=\"8713162\" data-element_type=\"widget\" data-widget_type=\"text-editor.default\">\n\t\t\t\t<div class=\"elementor-widget-container\">\n\t\t\t\t\t\t\t\t\t<p>Los usuarios de la actividad de aprovechamiento en el servicio p\u00fablico de aseo tendr\u00e1n derecho a:<\/p><ul><li><p>Recibir capacitaci\u00f3n sobre la separaci\u00f3n en la fuente de los residuos s\u00f3lidos aprovechables.<\/p><\/li><li><p>Recibir el incentivo a la separaci\u00f3n en la fuente (DINC) cuando se logren los niveles de rechazo establecidos.<\/p><\/li><li><p>Ser incluido en la ruta de recolecci\u00f3n de residuos s\u00f3lidos aprovechables.<\/p><\/li><\/ul><p>Conforme al\u00a0<strong>art\u00edculo 2.3.2.5.2.2.4 del Decreto 596 de 2016<\/strong>, \u00ab<em>aquellas macro rutas de recolecci\u00f3n de residuos aprovechables, que tengan niveles de rechazo inferiores al 20% de los residuos presentados, les ser\u00e1 otorgado un<strong>\u00a0incentivo a la separaci\u00f3n en la fuente (DINC)<\/strong>. Este incentivo se mantendr\u00e1 siempre y cuando los porcentajes de rechazo no superen dicho valor.\u00a0<\/em><br \/><br \/><em>La persona prestadora de la actividad de aprovechamiento deber\u00e1 llevar un registro de las cantidades de residuos efectivamente aprovechados y los rechazos asociados a cada macrorruta de recolecci\u00f3n. Para hacer efectivo el incentivo a la separaci\u00f3n en la fuente (DINC) la persona prestadora de la actividad de aprovechamiento deber\u00e1 reportar la base de datos de los suscriptores beneficiarios a:\u00a0<\/em><br \/><br \/><em>1. La persona prestadora de la actividad de recolecci\u00f3n y transporte de residuos no aprovechables en su \u00e1rea de prestaci\u00f3n.\u00a0<\/em><br \/><br \/><em>2. Sistema \u00danico de Informaci\u00f3n (SUI).\u00a0<\/em><br \/><br \/><em><strong>Par\u00e1grafo.<\/strong>\u00a0El valor del incentivo es el definido en la metodolog\u00eda tarifaria del servicio p\u00fablico de aseo expedido por la Comisi\u00f3n de Regulaci\u00f3n de Agua y Saneamiento B\u00e1sico (CRA).<\/em><\/p>\t\t\t\t\t\t\t\t<\/div>\n\t\t\t\t<\/div>\n\t\t\t\t\t<\/div>\n\t\t<\/div>\n\t\t\t\t\t<\/div>\n\t\t<\/section>\n\t\t\t\t<section class=\"elementor-section elementor-top-section elementor-element elementor-element-bee490c elementor-section-boxed elementor-section-height-default elementor-section-height-default\" data-id=\"bee490c\" data-element_type=\"section\">\n\t\t\t\t\t\t<div class=\"elementor-container elementor-column-gap-default\">\n\t\t\t\t\t<div class=\"elementor-column elementor-col-100 elementor-top-column elementor-element elementor-element-100b369\" data-id=\"100b369\" data-element_type=\"column\">\n\t\t\t<div class=\"elementor-widget-wrap elementor-element-populated\">\n\t\t\t\t\t\t<div class=\"elementor-element elementor-element-a965222 elementor-align-center elementor-widget elementor-widget-button\" data-id=\"a965222\" data-element_type=\"widget\" data-widget_type=\"button.default\">\n\t\t\t\t<div class=\"elementor-widget-container\">\n\t\t\t\t\t\t\t\t\t<div class=\"elementor-button-wrapper\">\n\t\t\t\t\t<a class=\"elementor-button elementor-button-link elementor-size-xl\" href=\"https:\/\/arufesp.com\/wp-content\/uploads\/2024\/09\/\u00bfQue-es-el-incentivo-por-la-separacion-en-la-fuente-DINC-1.pdf\" target=\"_blank\">\n\t\t\t\t\t\t<span class=\"elementor-button-content-wrapper\">\n\t\t\t\t\t\t<span class=\"elementor-button-icon\">\n\t\t\t\t<i aria-hidden=\"true\" class=\"far fa-arrow-alt-circle-down\"><\/i>\t\t\t<\/span>\n\t\t\t\t\t\t\t\t\t<span class=\"elementor-button-text\">Descarga manual del Incentivo a la Separaci\u00f3n en la Fuente (DINC)<\/span>\n\t\t\t\t\t<\/span>\n\t\t\t\t\t<\/a>\n\t\t\t\t<\/div>\n\t\t\t\t\t\t\t\t<\/div>\n\t\t\t\t<\/div>\n\t\t\t\t\t<\/div>\n\t\t<\/div>\n\t\t\t\t\t<\/div>\n\t\t<\/section>\n\t\t\t\t<section class=\"elementor-section elementor-top-section elementor-element elementor-element-b619d4f elementor-section-boxed elementor-section-height-default elementor-section-height-default\" data-id=\"b619d4f\" data-element_type=\"section\">\n\t\t\t\t\t\t<div class=\"elementor-container elementor-column-gap-default\">\n\t\t\t\t\t<div class=\"elementor-column elementor-col-100 elementor-top-column elementor-element elementor-element-d0bdcff\" data-id=\"d0bdcff\" data-element_type=\"column\">\n\t\t\t<div class=\"elementor-widget-wrap elementor-element-populated\">\n\t\t\t\t\t\t<section class=\"elementor-section elementor-inner-section elementor-element elementor-element-090da06 elementor-section-boxed elementor-section-height-default elementor-section-height-default\" data-id=\"090da06\" data-element_type=\"section\">\n\t\t\t\t\t\t<div class=\"elementor-container elementor-column-gap-default\">\n\t\t\t\t\t<div class=\"elementor-column elementor-col-50 elementor-inner-column elementor-element elementor-element-94be44e\" data-id=\"94be44e\" data-element_type=\"column\">\n\t\t\t<div class=\"elementor-widget-wrap\">\n\t\t\t\t\t\t\t<\/div>\n\t\t<\/div>\n\t\t\t\t<div class=\"elementor-column elementor-col-50 elementor-inner-column elementor-element elementor-element-c08aebf\" data-id=\"c08aebf\" data-element_type=\"column\">\n\t\t\t<div class=\"elementor-widget-wrap\">\n\t\t\t\t\t\t\t<\/div>\n\t\t<\/div>\n\t\t\t\t\t<\/div>\n\t\t<\/section>\n\t\t\t\t\t<\/div>\n\t\t<\/div>\n\t\t\t\t\t<\/div>\n\t\t<\/section>\n\t\t\t\t<section class=\"elementor-section elementor-top-section elementor-element elementor-element-ee5bc23 elementor-section-boxed elementor-section-height-default elementor-section-height-default\" data-id=\"ee5bc23\" data-element_type=\"section\">\n\t\t\t\t\t\t<div class=\"elementor-container elementor-column-gap-default\">\n\t\t\t\t\t<div class=\"elementor-column elementor-col-33 elementor-top-column elementor-element elementor-element-52fda8e\" data-id=\"52fda8e\" data-element_type=\"column\">\n\t\t\t<div class=\"elementor-widget-wrap elementor-element-populated\">\n\t\t\t\t\t\t<div class=\"elementor-element elementor-element-c06f1ef elementor-view-framed elementor-shape-circle elementor-position-top elementor-mobile-position-top elementor-widget elementor-widget-icon-box\" data-id=\"c06f1ef\" data-element_type=\"widget\" data-widget_type=\"icon-box.default\">\n\t\t\t\t<div class=\"elementor-widget-container\">\n\t\t\t\t\t\t\t<div class=\"elementor-icon-box-wrapper\">\n\n\t\t\t\t\t\t<div class=\"elementor-icon-box-icon\">\n\t\t\t\t<span  class=\"elementor-icon\">\n\t\t\t\t<i aria-hidden=\"true\" class=\"fas fa-phone\"><\/i>\t\t\t\t<\/span>\n\t\t\t<\/div>\n\t\t\t\n\t\t\t\t\t\t<div class=\"elementor-icon-box-content\">\n\n\t\t\t\t\t\t\t\t\t<h3 class=\"elementor-icon-box-title\">\n\t\t\t\t\t\t<span  >\n\t\t\t\t\t\t\t310 860 3183\t\t\t\t\t\t<\/span>\n\t\t\t\t\t<\/h3>\n\t\t\t\t\n\t\t\t\t\n\t\t\t<\/div>\n\t\t\t\n\t\t<\/div>\n\t\t\t\t\t\t<\/div>\n\t\t\t\t<\/div>\n\t\t\t\t\t<\/div>\n\t\t<\/div>\n\t\t\t\t<div class=\"elementor-column elementor-col-33 elementor-top-column elementor-element elementor-element-72870fc\" data-id=\"72870fc\" data-element_type=\"column\">\n\t\t\t<div class=\"elementor-widget-wrap elementor-element-populated\">\n\t\t\t\t\t\t<div class=\"elementor-element elementor-element-21cc672 elementor-view-framed elementor-shape-circle elementor-position-top elementor-mobile-position-top elementor-widget elementor-widget-icon-box\" data-id=\"21cc672\" data-element_type=\"widget\" data-widget_type=\"icon-box.default\">\n\t\t\t\t<div class=\"elementor-widget-container\">\n\t\t\t\t\t\t\t<div class=\"elementor-icon-box-wrapper\">\n\n\t\t\t\t\t\t<div class=\"elementor-icon-box-icon\">\n\t\t\t\t<span  class=\"elementor-icon\">\n\t\t\t\t<i aria-hidden=\"true\" class=\"far fa-envelope\"><\/i>\t\t\t\t<\/span>\n\t\t\t<\/div>\n\t\t\t\n\t\t\t\t\t\t<div class=\"elementor-icon-box-content\">\n\n\t\t\t\t\t\t\t\t\t<h3 class=\"elementor-icon-box-title\">\n\t\t\t\t\t\t<span  >\n\t\t\t\t\t\t\tsecretariaaruf@gmail.com\t\t\t\t\t\t<\/span>\n\t\t\t\t\t<\/h3>\n\t\t\t\t\n\t\t\t\t\n\t\t\t<\/div>\n\t\t\t\n\t\t<\/div>\n\t\t\t\t\t\t<\/div>\n\t\t\t\t<\/div>\n\t\t\t\t\t<\/div>\n\t\t<\/div>\n\t\t\t\t<div class=\"elementor-column elementor-col-33 elementor-top-column elementor-element elementor-element-19d9009\" data-id=\"19d9009\" data-element_type=\"column\">\n\t\t\t<div class=\"elementor-widget-wrap elementor-element-populated\">\n\t\t\t\t\t\t<div class=\"elementor-element elementor-element-4e8c9ae elementor-view-framed elementor-shape-circle elementor-position-top elementor-mobile-position-top elementor-widget elementor-widget-icon-box\" data-id=\"4e8c9ae\" data-element_type=\"widget\" data-widget_type=\"icon-box.default\">\n\t\t\t\t<div class=\"elementor-widget-container\">\n\t\t\t\t\t\t\t<div class=\"elementor-icon-box-wrapper\">\n\n\t\t\t\t\t\t<div class=\"elementor-icon-box-icon\">\n\t\t\t\t<span  class=\"elementor-icon\">\n\t\t\t\t<i aria-hidden=\"true\" class=\"fas fa-map-marker-alt\"><\/i>\t\t\t\t<\/span>\n\t\t\t<\/div>\n\t\t\t\n\t\t\t\t\t\t<div class=\"elementor-icon-box-content\">\n\n\t\t\t\t\t\t\t\t\t<h3 class=\"elementor-icon-box-title\">\n\t\t\t\t\t\t<span  >\n\t\t\t\t\t\t\tCalle 22 H # 106 - 21\t\t\t\t\t\t<\/span>\n\t\t\t\t\t<\/h3>\n\t\t\t\t\n\t\t\t\t\t\t\t\t\t<p class=\"elementor-icon-box-description\">\n\t\t\t\t\t\tBogot\u00e1, COL\t\t\t\t\t<\/p>\n\t\t\t\t\n\t\t\t<\/div>\n\t\t\t\n\t\t<\/div>\n\t\t\t\t\t\t<\/div>\n\t\t\t\t<\/div>\n\t\t\t\t\t<\/div>\n\t\t<\/div>\n\t\t\t\t\t<\/div>\n\t\t<\/section>\n\t\t\t\t<section class=\"elementor-section elementor-top-section elementor-element elementor-element-a818182 elementor-section-boxed elementor-section-height-default elementor-section-height-default\" data-id=\"a818182\" data-element_type=\"section\">\n\t\t\t\t\t\t<div class=\"elementor-container elementor-column-gap-default\">\n\t\t\t\t\t<div class=\"elementor-column elementor-col-25 elementor-top-column elementor-element elementor-element-6c47782\" data-id=\"6c47782\" data-element_type=\"column\">\n\t\t\t<div class=\"elementor-widget-wrap elementor-element-populated\">\n\t\t\t\t\t\t<div class=\"elementor-element elementor-element-4e5979d elementor-widget elementor-widget-image\" data-id=\"4e5979d\" data-element_type=\"widget\" data-widget_type=\"image.default\">\n\t\t\t\t<div class=\"elementor-widget-container\">\n\t\t\t\t\t\t\t\t\t\t\t\t\t\t\t\t<a href=\"https:\/\/sui.superservicios.gov.co\/\">\n\t\t\t\t\t\t\t<img decoding=\"async\" width=\"833\" height=\"555\" src=\"https:\/\/arufesp.com\/wp-content\/uploads\/2024\/09\/superservicios-logo.jpg\" class=\"attachment-large size-large wp-image-1436\" alt=\"\" srcset=\"https:\/\/arufesp.com\/wp-content\/uploads\/2024\/09\/superservicios-logo.jpg 833w, https:\/\/arufesp.com\/wp-content\/uploads\/2024\/09\/superservicios-logo-300x200.jpg 300w, https:\/\/arufesp.com\/wp-content\/uploads\/2024\/09\/superservicios-logo-768x512.jpg 768w\" sizes=\"(max-width: 833px) 100vw, 833px\" \/>\t\t\t\t\t\t\t\t<\/a>\n\t\t\t\t\t\t\t\t\t\t\t\t\t\t\t<\/div>\n\t\t\t\t<\/div>\n\t\t\t\t\t<\/div>\n\t\t<\/div>\n\t\t\t\t<div class=\"elementor-column elementor-col-25 elementor-top-column elementor-element elementor-element-a5dbbd1\" data-id=\"a5dbbd1\" data-element_type=\"column\">\n\t\t\t<div class=\"elementor-widget-wrap elementor-element-populated\">\n\t\t\t\t\t\t<div class=\"elementor-element elementor-element-63622ba elementor-widget elementor-widget-image\" data-id=\"63622ba\" data-element_type=\"widget\" data-widget_type=\"image.default\">\n\t\t\t\t<div class=\"elementor-widget-container\">\n\t\t\t\t\t\t\t\t\t\t\t\t\t\t\t\t<a href=\"https:\/\/bogota.gov.co\/\">\n\t\t\t\t\t\t\t<img decoding=\"async\" width=\"260\" height=\"194\" src=\"https:\/\/arufesp.com\/wp-content\/uploads\/2024\/09\/alcaldia-logo.png\" class=\"attachment-full size-full wp-image-1437\" alt=\"\" \/>\t\t\t\t\t\t\t\t<\/a>\n\t\t\t\t\t\t\t\t\t\t\t\t\t\t\t<\/div>\n\t\t\t\t<\/div>\n\t\t\t\t\t<\/div>\n\t\t<\/div>\n\t\t\t\t<div class=\"elementor-column elementor-col-25 elementor-top-column elementor-element elementor-element-d9698fe\" data-id=\"d9698fe\" data-element_type=\"column\">\n\t\t\t<div class=\"elementor-widget-wrap elementor-element-populated\">\n\t\t\t\t\t\t<div class=\"elementor-element elementor-element-7096f17 elementor-widget elementor-widget-image\" data-id=\"7096f17\" data-element_type=\"widget\" data-widget_type=\"image.default\">\n\t\t\t\t<div class=\"elementor-widget-container\">\n\t\t\t\t\t\t\t\t\t\t\t\t\t\t\t\t<a href=\"https:\/\/www.uaesp.gov.co\/\">\n\t\t\t\t\t\t\t<img loading=\"lazy\" decoding=\"async\" width=\"230\" height=\"155\" src=\"https:\/\/arufesp.com\/wp-content\/uploads\/2024\/09\/uaesplogo.jpg\" class=\"attachment-large size-large wp-image-1438\" alt=\"\" \/>\t\t\t\t\t\t\t\t<\/a>\n\t\t\t\t\t\t\t\t\t\t\t\t\t\t\t<\/div>\n\t\t\t\t<\/div>\n\t\t\t\t\t<\/div>\n\t\t<\/div>\n\t\t\t\t<div class=\"elementor-column elementor-col-25 elementor-top-column elementor-element elementor-element-20a2520\" data-id=\"20a2520\" data-element_type=\"column\">\n\t\t\t<div class=\"elementor-widget-wrap elementor-element-populated\">\n\t\t\t\t\t\t<div class=\"elementor-element elementor-element-f203093 elementor-widget elementor-widget-image\" data-id=\"f203093\" data-element_type=\"widget\" data-widget_type=\"image.default\">\n\t\t\t\t<div class=\"elementor-widget-container\">\n\t\t\t\t\t\t\t\t\t\t\t\t\t\t\t\t<a href=\"https:\/\/www.cra.gov.co\/\">\n\t\t\t\t\t\t\t<img loading=\"lazy\" decoding=\"async\" width=\"1024\" height=\"358\" src=\"https:\/\/arufesp.com\/wp-content\/uploads\/2024\/09\/cra-logo-1024x358.png\" class=\"attachment-large size-large wp-image-1448\" alt=\"\" srcset=\"https:\/\/arufesp.com\/wp-content\/uploads\/2024\/09\/cra-logo-1024x358.png 1024w, https:\/\/arufesp.com\/wp-content\/uploads\/2024\/09\/cra-logo-300x105.png 300w, https:\/\/arufesp.com\/wp-content\/uploads\/2024\/09\/cra-logo-768x268.png 768w, https:\/\/arufesp.com\/wp-content\/uploads\/2024\/09\/cra-logo-1536x537.png 1536w, https:\/\/arufesp.com\/wp-content\/uploads\/2024\/09\/cra-logo-2048x716.png 2048w\" sizes=\"(max-width: 1024px) 100vw, 1024px\" \/>\t\t\t\t\t\t\t\t<\/a>\n\t\t\t\t\t\t\t\t\t\t\t\t\t\t\t<\/div>\n\t\t\t\t<\/div>\n\t\t\t\t\t<\/div>\n\t\t<\/div>\n\t\t\t\t\t<\/div>\n\t\t<\/section>\n\t\t\t\t<\/div>\n\t\t","protected":false},"excerpt":{"rendered":"<p>Los usuarios de la actividad de aprovechamiento en el servicio p\u00fablico de aseo tendr\u00e1n derecho a: Recibir capacitaci\u00f3n sobre la separaci\u00f3n en la fuente de los residuos s\u00f3lidos aprovechables. Recibir el incentivo a la separaci\u00f3n en la fuente (DINC) cuando se logren los niveles de rechazo establecidos. Ser incluido en la ruta de recolecci\u00f3n de&hellip;&nbsp;<a href=\"https:\/\/arufesp.com\/index.php\/incentivo-a-la-separacion-en-la-fuente-dinc\/\" rel=\"bookmark\">Leer m\u00e1s &raquo;<span class=\"screen-reader-text\">Incentivo a la separaci\u00f3n en la fuente (DINC)<\/span><\/a><\/p>\n","protected":false},"author":3,"featured_media":1425,"parent":0,"menu_order":0,"comment_status":"closed","ping_status":"closed","template":"","meta":{"neve_meta_sidebar":"","neve_meta_container":"","neve_meta_enable_content_width":"","neve_meta_content_width":0,"neve_meta_title_alignment":"","neve_meta_author_avatar":"","neve_post_elements_order":"","neve_meta_disable_header":"","neve_meta_disable_footer":"","neve_meta_disable_title":"","footnotes":""},"class_list":["post-1420","page","type-page","status-publish","has-post-thumbnail","hentry"],"_links":{"self":[{"href":"https:\/\/arufesp.com\/index.php\/wp-json\/wp\/v2\/pages\/1420","targetHints":{"allow":["GET"]}}],"collection":[{"href":"https:\/\/arufesp.com\/index.php\/wp-json\/wp\/v2\/pages"}],"about":[{"href":"https:\/\/arufesp.com\/index.php\/wp-json\/wp\/v2\/types\/page"}],"author":[{"embeddable":true,"href":"https:\/\/arufesp.com\/index.php\/wp-json\/wp\/v2\/users\/3"}],"replies":[{"embeddable":true,"href":"https:\/\/arufesp.com\/index.php\/wp-json\/wp\/v2\/comments?post=1420"}],"version-history":[{"count":40,"href":"https:\/\/arufesp.com\/index.php\/wp-json\/wp\/v2\/pages\/1420\/revisions"}],"predecessor-version":[{"id":1758,"href":"https:\/\/arufesp.com\/index.php\/wp-json\/wp\/v2\/pages\/1420\/revisions\/1758"}],"wp:featuredmedia":[{"embeddable":true,"href":"https:\/\/arufesp.com\/index.php\/wp-json\/wp\/v2\/media\/1425"}],"wp:attachment":[{"href":"https:\/\/arufesp.com\/index.php\/wp-json\/wp\/v2\/media?parent=1420"}],"curies":[{"name":"wp","href":"https:\/\/api.w.org\/{rel}","templated":true}]}}