{"id":2,"date":"2024-08-29T07:17:00","date_gmt":"2024-08-29T12:17:00","guid":{"rendered":"http:\/\/arfusogsbc.com\/?page_id=2"},"modified":"2024-09-05T11:21:18","modified_gmt":"2024-09-05T16:21:18","slug":"reflexion","status":"publish","type":"page","link":"https:\/\/arufesp.com\/index.php\/reflexion\/","title":{"rendered":"Reflexi\u00f3n"},"content":{"rendered":"\t\t<div data-elementor-type=\"wp-page\" data-elementor-id=\"2\" class=\"elementor elementor-2\">\n\t\t\t\t\t\t<section class=\"elementor-section elementor-top-section elementor-element elementor-element-ddf54a6 elementor-section-boxed elementor-section-height-default elementor-section-height-default\" data-id=\"ddf54a6\" data-element_type=\"section\">\n\t\t\t\t\t\t<div class=\"elementor-container elementor-column-gap-default\">\n\t\t\t\t\t<div class=\"elementor-column elementor-col-100 elementor-top-column elementor-element elementor-element-17a431f\" data-id=\"17a431f\" data-element_type=\"column\">\n\t\t\t<div class=\"elementor-widget-wrap elementor-element-populated\">\n\t\t\t\t\t\t<div class=\"elementor-element elementor-element-6d1d494 elementor-widget elementor-widget-image\" data-id=\"6d1d494\" data-element_type=\"widget\" data-widget_type=\"image.default\">\n\t\t\t\t<div class=\"elementor-widget-container\">\n\t\t\t\t\t\t\t\t\t\t\t\t\t\t\t<img fetchpriority=\"high\" decoding=\"async\" width=\"768\" height=\"576\" src=\"https:\/\/arufesp.com\/wp-content\/uploads\/2024\/09\/WhatsApp-Image-2024-09-04-at-8.09.57-PM-768x576.jpeg\" class=\"attachment-medium_large size-medium_large wp-image-1500\" alt=\"\" srcset=\"https:\/\/arufesp.com\/wp-content\/uploads\/2024\/09\/WhatsApp-Image-2024-09-04-at-8.09.57-PM-768x576.jpeg 768w, https:\/\/arufesp.com\/wp-content\/uploads\/2024\/09\/WhatsApp-Image-2024-09-04-at-8.09.57-PM-300x225.jpeg 300w, https:\/\/arufesp.com\/wp-content\/uploads\/2024\/09\/WhatsApp-Image-2024-09-04-at-8.09.57-PM-1024x768.jpeg 1024w, https:\/\/arufesp.com\/wp-content\/uploads\/2024\/09\/WhatsApp-Image-2024-09-04-at-8.09.57-PM-1536x1152.jpeg 1536w, https:\/\/arufesp.com\/wp-content\/uploads\/2024\/09\/WhatsApp-Image-2024-09-04-at-8.09.57-PM-2048x1536.jpeg 2048w\" sizes=\"(max-width: 768px) 100vw, 768px\" \/>\t\t\t\t\t\t\t\t\t\t\t\t\t\t\t<\/div>\n\t\t\t\t<\/div>\n\t\t\t\t\t<\/div>\n\t\t<\/div>\n\t\t\t\t\t<\/div>\n\t\t<\/section>\n\t\t\t\t<section class=\"elementor-section elementor-top-section elementor-element elementor-element-405d9762 elementor-section-boxed elementor-section-height-default elementor-section-height-default\" data-id=\"405d9762\" data-element_type=\"section\">\n\t\t\t\t\t\t<div class=\"elementor-container elementor-column-gap-default\">\n\t\t\t\t\t<div class=\"elementor-column elementor-col-100 elementor-top-column elementor-element elementor-element-175e00e5\" data-id=\"175e00e5\" data-element_type=\"column\">\n\t\t\t<div class=\"elementor-widget-wrap elementor-element-populated\">\n\t\t\t\t\t\t<div class=\"elementor-element elementor-element-5af253a8 elementor-widget elementor-widget-text-editor\" data-id=\"5af253a8\" data-element_type=\"widget\" data-widget_type=\"text-editor.default\">\n\t\t\t\t<div class=\"elementor-widget-container\">\n\t\t\t\t\t\t\t\t\t<p><\/p>\n<p style=\"text-align: left;\">Durante a\u00f1os los recicladores han sido menospreciados por la sociedad, por alguna raz\u00f3n de orgullo y ego las personas juzgan y eval\u00faan a alguien por su labor y empleo, asocian a los recicladores como drogadictos, ladrones, vagabundos y personas que no son importantes para la sociedad, pero nadie ve el trasfondo de la labor de los recicladores. Las siguientes preguntas son fundamentales para darnos cuenta de que como ciudadanos nos falta demasiado para poder convivir en conjunto y la falta de empat\u00eda a nivel personal y de comunidad:<\/p>\n<ul>\n<li style=\"text-align: left;\">\u00bfQu\u00e9 aportan los recicladores a mi ciudad?<\/li>\n<li style=\"text-align: left;\">\u00bfSi reciclo desde mi casa, les optimizo la labor?<\/li>\n<li style=\"text-align: left;\">\u00bfTodo lo que boto a la basura y se lleva el cami\u00f3n realmente es basura?<\/li>\n<li style=\"text-align: left;\">\u00bfA d\u00f3nde termina todolo que desecho?<\/li>\n<li style=\"text-align: left;\">\u00bfEl reciclador de mi barrio tendr\u00e1 familia?<\/li>\n<\/ul>\n<blockquote class=\"wp-block-quote\">\n<p>Para contestar a estas preguntas solo basta con ser una persona razonable, que entienda que las oportunidades no son las mismas para todos y que con peque\u00f1os cambios constantes y repetitivos se puede mejorar el mundo d\u00eda tras d\u00eda.<\/p>\n<\/blockquote>\n<p style=\"text-align: left;\"><\/p>\n<p style=\"text-align: left;\">Gran parte de lo que desechamos es reciclable y puede tener una segunda vida, con el proceso correcto las empresas especializadas reutilizan botellas pl\u00e1sticas o de vidrio, tambi\u00e9n las bolsas pl\u00e1sticas, el cart\u00f3n, el archivo, una lista completa de residuos s\u00f3lidos que com\u00fanmente utilizamos y consideramos que no sirve; aunque en Bogot\u00e1 ya est\u00e1n concientizando el uso de la bolsa blanca a\u00fan falta demasiado para que las personas se den cuenta del impacto ambiental y social que provoca no reciclar desde los hogares, sin los recicladores el reciclaje seria basura y todo terminar\u00eda en el botadero de la zona, en el caso de Bogot\u00e1 \u201cEl botadero de do\u00f1a Juana\u201d toneladas de residuos s\u00f3lidos a la semana que terminar\u00edan en un solo lugar haciendo que el botadero se consuma con m\u00e1s velocidad por cientos de a\u00f1os, por ejemplo una botella de pet puede tarde en descomponerse 1.000 a\u00f1os y una bolsa pl\u00e1stica 150 a\u00f1os; \u00bfQu\u00e9 esperamos los seres humanos dentro de unos a\u00f1os? \u00bfLa extinci\u00f3n? Ahora no todas las botellas terminan en los botaderos, lamentablemente las personas no fueron educadas para guardar sus propios desechos en la mochila, bolsillos o esperar a encontrarse con un basurero para deshacerse de los residuos, optan por botarlos en la calle, en un parque, en la plaza y muchos de estos decechos pueden terminar en un rio, en las alcantarillas, en lagos o lagunas sin darse cuenta contaminan y ensucian el lugar donde habitan, contaminando millones de litros de agua potable&#8230; \u201c\u00bfQu\u00e9 da\u00f1o puede hacer una botella?\u201d Es la frase que miles de personas se dicen a s\u00ed mismas antes de dejar sus desechos en la calle. Recuerdan que al inicio les mencione que para entender la gravedad del asunto se necesita ser emp\u00e1ticos y un poseer un gran nivel de razonamiento para entender que ahora no es solo una botella, son miles de residuos s\u00f3lidos vagando por las calles de la ciudad esperando un solo destino; claro que este destino puede ser evitado gracias a una comunidad que se encarga de este problema&#8230; as\u00ed es estoy hablando de los recicladores de oficio, personas que durante su labor se encargar de recoger y remediar lo que las personas desechan. La labor tiene varios procesos que les mencionare ahora:<\/p>\n<ol style=\"text-align: left;\">\n<li>Uniformarse adecuadamente con mascarilla, guantes, botas y overol son los implementos b\u00e1sicos para proteger la salud del reciclador.<\/li>\n<li>Preparar el medio de transporte de recolecci\u00f3n que tenga para la ruta, en muchos casos utilizan un carrito de mercado, una carreta, un bicicarrito o incluso una carretilla y con muchos costales y bolsas alrededor del medio de transporte se preparan para ir hacer su labor.<\/li>\n<li>Cada reciclador posee una ruta de recolecci\u00f3n \u00fanica, recorriendo barrios y calles donde ya lo conocen y en muchos casos los esperan para entregarles el material (as\u00ed como tambi\u00e9n esperamos a los operadores de aseo para sacar la basura es necesario saber el horario del reciclador de oficio para entregarle el reciclaje).<\/li>\n<li>El reciclador recolecta el material aprovechable (lo revuelve o lo separa) varia de como trabaje, generalmente trabajan los d\u00edas donde el operador de aseo pasa para recolectar la basura de su \u00e1rea.<\/li>\n<li>El reciclador debe tener un lugar establecido y suficientemente amplio sin invadir la v\u00eda p\u00fablica para almacenar el material y\/o seleccionar cada material, lo m\u00e1s limpio posible, separado correctamente, generalmente hacen este procedimiento al d\u00eda siguiente de la ruta de recolecci\u00f3n.<\/li>\n<li>Cuando tienen todos los materiales debidamente separados los encarran en el veh\u00edculo que utilizan para recolectar y los llevan en este caso a la \u201cAsociaci\u00f3n de reciclaje\u201d donde es debidamente pesado y se compra cada material por kilo.<\/li>\n<li>El reciclador recibe el pago por su material, generalmente demora entre 20 minutos a 2 horas dependiendo de la fila que para vender.<\/li>\n<li>Regresa a casa y alista todo para el otro d\u00eda hacer una nueva recolecci\u00f3n de material, al menos de que tenga otras rutas de recolecci\u00f3n o fuentes de aprovechamiento en conjuntos y deba ir a trabajar.<\/li>\n<li>El reciclador nunca tiene vacaciones, porque todos los d\u00edas las personas consumen, y viven del d\u00eda a d\u00eda y depende del trabajo de ellos, de lo que se esfuercen y la disciplina que le tengan a la labor para conseguir buenas recompensas en pago.<\/li>\n<\/ol>\n<p style=\"text-align: left;\">El trabajo del reciclador no es f\u00e1cil y es fundamental para la ciudad y sociedad, evita que miles de toneladas al mes terminen en el botadero de la ciudad o en los r\u00edos, evitando contaminaci\u00f3n ambiental, cientos de a\u00f1os en descomposici\u00f3n de residuos s\u00f3lidos; ellos hacen lo que nadie quiere hacer, el esfuerzo de los recicladores no es reconocido ni valorado. Reconozcamos la labor de estos h\u00e9roes ambientales y como sociedad colaboremos para salvar el planeta y valorar a los recicladores, reciclemos hoy por un ma\u00f1ana&#8230;<\/p>\n<p><\/p>\t\t\t\t\t\t\t\t<\/div>\n\t\t\t\t<\/div>\n\t\t\t\t\t<\/div>\n\t\t<\/div>\n\t\t\t\t\t<\/div>\n\t\t<\/section>\n\t\t\t\t<section class=\"elementor-section elementor-top-section elementor-element elementor-element-6f33492 elementor-section-boxed elementor-section-height-default elementor-section-height-default\" data-id=\"6f33492\" data-element_type=\"section\">\n\t\t\t\t\t\t<div class=\"elementor-container elementor-column-gap-default\">\n\t\t\t\t\t<div class=\"elementor-column elementor-col-33 elementor-top-column elementor-element elementor-element-639b729\" data-id=\"639b729\" data-element_type=\"column\">\n\t\t\t<div class=\"elementor-widget-wrap elementor-element-populated\">\n\t\t\t\t\t\t<div class=\"elementor-element elementor-element-7d27b2e elementor-view-framed elementor-shape-circle elementor-position-top elementor-mobile-position-top elementor-widget elementor-widget-icon-box\" data-id=\"7d27b2e\" data-element_type=\"widget\" data-widget_type=\"icon-box.default\">\n\t\t\t\t<div class=\"elementor-widget-container\">\n\t\t\t\t\t\t\t<div class=\"elementor-icon-box-wrapper\">\n\n\t\t\t\t\t\t<div class=\"elementor-icon-box-icon\">\n\t\t\t\t<span  class=\"elementor-icon\">\n\t\t\t\t<i aria-hidden=\"true\" class=\"fas fa-phone\"><\/i>\t\t\t\t<\/span>\n\t\t\t<\/div>\n\t\t\t\n\t\t\t\t\t\t<div class=\"elementor-icon-box-content\">\n\n\t\t\t\t\t\t\t\t\t<h3 class=\"elementor-icon-box-title\">\n\t\t\t\t\t\t<span  >\n\t\t\t\t\t\t\t310 860 3183\t\t\t\t\t\t<\/span>\n\t\t\t\t\t<\/h3>\n\t\t\t\t\n\t\t\t\t\n\t\t\t<\/div>\n\t\t\t\n\t\t<\/div>\n\t\t\t\t\t\t<\/div>\n\t\t\t\t<\/div>\n\t\t\t\t\t<\/div>\n\t\t<\/div>\n\t\t\t\t<div class=\"elementor-column elementor-col-33 elementor-top-column elementor-element elementor-element-1452121\" data-id=\"1452121\" data-element_type=\"column\">\n\t\t\t<div class=\"elementor-widget-wrap elementor-element-populated\">\n\t\t\t\t\t\t<div class=\"elementor-element elementor-element-579f567 elementor-view-framed elementor-shape-circle elementor-position-top elementor-mobile-position-top elementor-widget elementor-widget-icon-box\" data-id=\"579f567\" data-element_type=\"widget\" data-widget_type=\"icon-box.default\">\n\t\t\t\t<div class=\"elementor-widget-container\">\n\t\t\t\t\t\t\t<div class=\"elementor-icon-box-wrapper\">\n\n\t\t\t\t\t\t<div class=\"elementor-icon-box-icon\">\n\t\t\t\t<span  class=\"elementor-icon\">\n\t\t\t\t<i aria-hidden=\"true\" class=\"far fa-envelope\"><\/i>\t\t\t\t<\/span>\n\t\t\t<\/div>\n\t\t\t\n\t\t\t\t\t\t<div class=\"elementor-icon-box-content\">\n\n\t\t\t\t\t\t\t\t\t<h3 class=\"elementor-icon-box-title\">\n\t\t\t\t\t\t<span  >\n\t\t\t\t\t\t\tsecretariaaruf@gmail.com\t\t\t\t\t\t<\/span>\n\t\t\t\t\t<\/h3>\n\t\t\t\t\n\t\t\t\t\n\t\t\t<\/div>\n\t\t\t\n\t\t<\/div>\n\t\t\t\t\t\t<\/div>\n\t\t\t\t<\/div>\n\t\t\t\t\t<\/div>\n\t\t<\/div>\n\t\t\t\t<div class=\"elementor-column elementor-col-33 elementor-top-column elementor-element elementor-element-0eebf69\" data-id=\"0eebf69\" data-element_type=\"column\">\n\t\t\t<div class=\"elementor-widget-wrap elementor-element-populated\">\n\t\t\t\t\t\t<div class=\"elementor-element elementor-element-4980b42 elementor-view-framed elementor-shape-circle elementor-position-top elementor-mobile-position-top elementor-widget elementor-widget-icon-box\" data-id=\"4980b42\" data-element_type=\"widget\" data-widget_type=\"icon-box.default\">\n\t\t\t\t<div class=\"elementor-widget-container\">\n\t\t\t\t\t\t\t<div class=\"elementor-icon-box-wrapper\">\n\n\t\t\t\t\t\t<div class=\"elementor-icon-box-icon\">\n\t\t\t\t<span  class=\"elementor-icon\">\n\t\t\t\t<i aria-hidden=\"true\" class=\"fas fa-map-marker-alt\"><\/i>\t\t\t\t<\/span>\n\t\t\t<\/div>\n\t\t\t\n\t\t\t\t\t\t<div class=\"elementor-icon-box-content\">\n\n\t\t\t\t\t\t\t\t\t<h3 class=\"elementor-icon-box-title\">\n\t\t\t\t\t\t<span  >\n\t\t\t\t\t\t\tCalle 22 H # 106 - 21\t\t\t\t\t\t<\/span>\n\t\t\t\t\t<\/h3>\n\t\t\t\t\n\t\t\t\t\t\t\t\t\t<p class=\"elementor-icon-box-description\">\n\t\t\t\t\t\tBogot\u00e1, COL\t\t\t\t\t<\/p>\n\t\t\t\t\n\t\t\t<\/div>\n\t\t\t\n\t\t<\/div>\n\t\t\t\t\t\t<\/div>\n\t\t\t\t<\/div>\n\t\t\t\t\t<\/div>\n\t\t<\/div>\n\t\t\t\t\t<\/div>\n\t\t<\/section>\n\t\t\t\t<section class=\"elementor-section elementor-top-section elementor-element elementor-element-e8666b9 elementor-section-boxed elementor-section-height-default elementor-section-height-default\" data-id=\"e8666b9\" data-element_type=\"section\">\n\t\t\t\t\t\t<div class=\"elementor-container elementor-column-gap-default\">\n\t\t\t\t\t<div class=\"elementor-column elementor-col-25 elementor-top-column elementor-element elementor-element-d16ce3b\" data-id=\"d16ce3b\" data-element_type=\"column\">\n\t\t\t<div class=\"elementor-widget-wrap elementor-element-populated\">\n\t\t\t\t\t\t<div class=\"elementor-element elementor-element-b8a4270 elementor-widget elementor-widget-image\" data-id=\"b8a4270\" data-element_type=\"widget\" data-widget_type=\"image.default\">\n\t\t\t\t<div class=\"elementor-widget-container\">\n\t\t\t\t\t\t\t\t\t\t\t\t\t\t\t\t<a href=\"https:\/\/sui.superservicios.gov.co\/\">\n\t\t\t\t\t\t\t<img decoding=\"async\" width=\"833\" height=\"555\" src=\"https:\/\/arufesp.com\/wp-content\/uploads\/2024\/09\/superservicios-logo.jpg\" class=\"attachment-large size-large wp-image-1436\" alt=\"\" srcset=\"https:\/\/arufesp.com\/wp-content\/uploads\/2024\/09\/superservicios-logo.jpg 833w, https:\/\/arufesp.com\/wp-content\/uploads\/2024\/09\/superservicios-logo-300x200.jpg 300w, https:\/\/arufesp.com\/wp-content\/uploads\/2024\/09\/superservicios-logo-768x512.jpg 768w\" sizes=\"(max-width: 833px) 100vw, 833px\" \/>\t\t\t\t\t\t\t\t<\/a>\n\t\t\t\t\t\t\t\t\t\t\t\t\t\t\t<\/div>\n\t\t\t\t<\/div>\n\t\t\t\t\t<\/div>\n\t\t<\/div>\n\t\t\t\t<div class=\"elementor-column elementor-col-25 elementor-top-column elementor-element elementor-element-be544da\" data-id=\"be544da\" data-element_type=\"column\">\n\t\t\t<div class=\"elementor-widget-wrap elementor-element-populated\">\n\t\t\t\t\t\t<div class=\"elementor-element elementor-element-7be590f elementor-widget elementor-widget-image\" data-id=\"7be590f\" data-element_type=\"widget\" data-widget_type=\"image.default\">\n\t\t\t\t<div class=\"elementor-widget-container\">\n\t\t\t\t\t\t\t\t\t\t\t\t\t\t\t\t<a href=\"https:\/\/bogota.gov.co\/\">\n\t\t\t\t\t\t\t<img decoding=\"async\" width=\"260\" height=\"194\" src=\"https:\/\/arufesp.com\/wp-content\/uploads\/2024\/09\/alcaldia-logo.png\" class=\"attachment-full size-full wp-image-1437\" alt=\"\" \/>\t\t\t\t\t\t\t\t<\/a>\n\t\t\t\t\t\t\t\t\t\t\t\t\t\t\t<\/div>\n\t\t\t\t<\/div>\n\t\t\t\t\t<\/div>\n\t\t<\/div>\n\t\t\t\t<div class=\"elementor-column elementor-col-25 elementor-top-column elementor-element elementor-element-0a5b6d9\" data-id=\"0a5b6d9\" data-element_type=\"column\">\n\t\t\t<div class=\"elementor-widget-wrap elementor-element-populated\">\n\t\t\t\t\t\t<div class=\"elementor-element elementor-element-f38b6d0 elementor-widget elementor-widget-image\" data-id=\"f38b6d0\" data-element_type=\"widget\" data-widget_type=\"image.default\">\n\t\t\t\t<div class=\"elementor-widget-container\">\n\t\t\t\t\t\t\t\t\t\t\t\t\t\t\t\t<a href=\"https:\/\/www.uaesp.gov.co\/\">\n\t\t\t\t\t\t\t<img loading=\"lazy\" decoding=\"async\" width=\"230\" height=\"155\" src=\"https:\/\/arufesp.com\/wp-content\/uploads\/2024\/09\/uaesplogo.jpg\" class=\"attachment-large size-large wp-image-1438\" alt=\"\" \/>\t\t\t\t\t\t\t\t<\/a>\n\t\t\t\t\t\t\t\t\t\t\t\t\t\t\t<\/div>\n\t\t\t\t<\/div>\n\t\t\t\t\t<\/div>\n\t\t<\/div>\n\t\t\t\t<div class=\"elementor-column elementor-col-25 elementor-top-column elementor-element elementor-element-ba26b88\" data-id=\"ba26b88\" data-element_type=\"column\">\n\t\t\t<div class=\"elementor-widget-wrap elementor-element-populated\">\n\t\t\t\t\t\t<div class=\"elementor-element elementor-element-38a6d4e elementor-widget elementor-widget-image\" data-id=\"38a6d4e\" data-element_type=\"widget\" data-widget_type=\"image.default\">\n\t\t\t\t<div class=\"elementor-widget-container\">\n\t\t\t\t\t\t\t\t\t\t\t\t\t\t\t\t<a href=\"https:\/\/www.cra.gov.co\/\">\n\t\t\t\t\t\t\t<img loading=\"lazy\" decoding=\"async\" width=\"1024\" height=\"358\" src=\"https:\/\/arufesp.com\/wp-content\/uploads\/2024\/09\/cra-logo-1024x358.png\" class=\"attachment-large size-large wp-image-1448\" alt=\"\" srcset=\"https:\/\/arufesp.com\/wp-content\/uploads\/2024\/09\/cra-logo-1024x358.png 1024w, https:\/\/arufesp.com\/wp-content\/uploads\/2024\/09\/cra-logo-300x105.png 300w, https:\/\/arufesp.com\/wp-content\/uploads\/2024\/09\/cra-logo-768x268.png 768w, https:\/\/arufesp.com\/wp-content\/uploads\/2024\/09\/cra-logo-1536x537.png 1536w, https:\/\/arufesp.com\/wp-content\/uploads\/2024\/09\/cra-logo-2048x716.png 2048w\" sizes=\"(max-width: 1024px) 100vw, 1024px\" \/>\t\t\t\t\t\t\t\t<\/a>\n\t\t\t\t\t\t\t\t\t\t\t\t\t\t\t<\/div>\n\t\t\t\t<\/div>\n\t\t\t\t\t<\/div>\n\t\t<\/div>\n\t\t\t\t\t<\/div>\n\t\t<\/section>\n\t\t\t\t<\/div>\n\t\t","protected":false},"excerpt":{"rendered":"<p>Durante a\u00f1os los recicladores han sido menospreciados por la sociedad, por alguna raz\u00f3n de orgullo y ego las personas juzgan y eval\u00faan a alguien por su labor y empleo, asocian a los recicladores como drogadictos, ladrones, vagabundos y personas que no son importantes para la sociedad, pero nadie ve el trasfondo de la labor de&hellip;&nbsp;<a href=\"https:\/\/arufesp.com\/index.php\/reflexion\/\" rel=\"bookmark\">Leer m\u00e1s &raquo;<span class=\"screen-reader-text\">Reflexi\u00f3n<\/span><\/a><\/p>\n","protected":false},"author":1,"featured_media":1192,"parent":0,"menu_order":0,"comment_status":"closed","ping_status":"closed","template":"","meta":{"neve_meta_sidebar":"","neve_meta_container":"","neve_meta_enable_content_width":"","neve_meta_content_width":0,"neve_meta_title_alignment":"","neve_meta_author_avatar":"","neve_post_elements_order":"","neve_meta_disable_header":"","neve_meta_disable_footer":"","neve_meta_disable_title":"","footnotes":""},"class_list":["post-2","page","type-page","status-publish","has-post-thumbnail","hentry"],"_links":{"self":[{"href":"https:\/\/arufesp.com\/index.php\/wp-json\/wp\/v2\/pages\/2","targetHints":{"allow":["GET"]}}],"collection":[{"href":"https:\/\/arufesp.com\/index.php\/wp-json\/wp\/v2\/pages"}],"about":[{"href":"https:\/\/arufesp.com\/index.php\/wp-json\/wp\/v2\/types\/page"}],"author":[{"embeddable":true,"href":"https:\/\/arufesp.com\/index.php\/wp-json\/wp\/v2\/users\/1"}],"replies":[{"embeddable":true,"href":"https:\/\/arufesp.com\/index.php\/wp-json\/wp\/v2\/comments?post=2"}],"version-history":[{"count":39,"href":"https:\/\/arufesp.com\/index.php\/wp-json\/wp\/v2\/pages\/2\/revisions"}],"predecessor-version":[{"id":1503,"href":"https:\/\/arufesp.com\/index.php\/wp-json\/wp\/v2\/pages\/2\/revisions\/1503"}],"wp:featuredmedia":[{"embeddable":true,"href":"https:\/\/arufesp.com\/index.php\/wp-json\/wp\/v2\/media\/1192"}],"wp:attachment":[{"href":"https:\/\/arufesp.com\/index.php\/wp-json\/wp\/v2\/media?parent=2"}],"curies":[{"name":"wp","href":"https:\/\/api.w.org\/{rel}","templated":true}]}}