{"id":268,"date":"2024-08-25T18:32:00","date_gmt":"2024-08-25T23:32:00","guid":{"rendered":"https:\/\/demo.themeisle.com\/neve-energy-panels\/?page_id=268"},"modified":"2025-02-26T11:36:20","modified_gmt":"2025-02-26T16:36:20","slug":"287ae-homepage","status":"publish","type":"page","link":"https:\/\/arufesp.com\/","title":{"rendered":"Inicio"},"content":{"rendered":"<div style=\"width: 640px;\" class=\"wp-video\"><video class=\"wp-video-shortcode\" id=\"video-268-1\" width=\"640\" height=\"360\" preload=\"metadata\" controls=\"controls\"><source type=\"video\/mp4\" src=\"https:\/\/arufesp.com\/wp-content\/uploads\/2025\/01\/fontibon-ruta-selectiva.mp4?_=1\" \/><a href=\"https:\/\/arufesp.com\/wp-content\/uploads\/2025\/01\/fontibon-ruta-selectiva.mp4\">https:\/\/arufesp.com\/wp-content\/uploads\/2025\/01\/fontibon-ruta-selectiva.mp4<\/a><\/video><\/div>\n<figure><a href=\"https:\/\/arufesp.com\/index.php\/acceder-a-cuenta\/\" tabindex=\"-1\"><img fetchpriority=\"high\" decoding=\"async\" width=\"1748\" height=\"1240\" src=\"https:\/\/arufesp.com\/wp-content\/uploads\/2024\/09\/mi-cuenta.png\" alt=\"\" \/><\/a><\/figure>\n<h3><a href=\"https:\/\/arufesp.com\/index.php\/acceder-a-cuenta\/\">Accede a tu cuenta<\/a><\/h3>\n<p>\u00bfYa tienes una cuenta asociada? ingresa al panel de control de tu perfil desde este apartado.<\/p>\n<figure><a href=\"https:\/\/arufesp.com\/index.php\/registro-de-usuario\/\" tabindex=\"-1\"><img decoding=\"async\" width=\"1748\" height=\"1240\" src=\"https:\/\/arufesp.com\/wp-content\/uploads\/2024\/09\/registro.png\" alt=\"\" \/><\/a><\/figure>\n<h3><a href=\"https:\/\/arufesp.com\/index.php\/registro-de-usuario\/\">Registrate a la plataforma<\/a><\/h3>\n<p>Si aun no tienes una cuenta en ARUF, creala desde aqui y podras acceder a muchos beneficios.<\/p>\n<figure><a href=\"https:\/\/arufesp.com\/index.php\/287ae-energy-panels-blog\/\" tabindex=\"-1\"><img decoding=\"async\" width=\"1748\" height=\"1240\" src=\"https:\/\/arufesp.com\/wp-content\/uploads\/2024\/09\/NOTICIAS.png\" alt=\"\" \/><\/a><\/figure>\n<h3><a href=\"https:\/\/arufesp.com\/index.php\/287ae-energy-panels-blog\/\">Nuevas noticias<\/a><\/h3>\n<p>Mira las ultimas noticias y y novedades que han sucedido en la asociaci\u00f3n, integrantes e informaci\u00f3n acerca de las rutas.<\/p>\n<figure><a href=\"https:\/\/arufesp.com\/index.php\/aprende-a-usar-la-plataforma\/\" tabindex=\"-1\"><img loading=\"lazy\" decoding=\"async\" width=\"1748\" height=\"1240\" src=\"https:\/\/arufesp.com\/wp-content\/uploads\/2024\/09\/como-usar-arufesp.png\" alt=\"\" \/><\/a><\/figure>\n<h3><a href=\"https:\/\/arufesp.com\/index.php\/aprende-a-usar-la-plataforma\/\">Aprende a usar la plataforma<\/a><\/h3>\n<p>Sabemos que al ser un nuevo sistema estas un poco perdido, pero no te preocupes, aqui aprenderas lo basico y lo complejo acerca de como usar la plataforma.<\/p>\n<figure><a href=\"https:\/\/arufesp.com\/index.php\/nosotros\/\" tabindex=\"-1\"><img loading=\"lazy\" decoding=\"async\" width=\"1748\" height=\"1240\" src=\"https:\/\/arufesp.com\/wp-content\/uploads\/2024\/09\/conocenos.png\" alt=\"A\" \/><\/a><\/figure>\n<h3><a href=\"https:\/\/arufesp.com\/index.php\/nosotros\/\">Conocenos<\/a><\/h3>\n<p>\u00bfSabes quienes somos?, \u00bfNuestras historia y fundaci\u00f3n? si no lo sabes, aqui aprenderas a cerca de nosotros, es importante conocernos y que mejor que conociendo nuestros primeros pasos&#8230;<\/p>\n<figure><a href=\"https:\/\/arufesp.com\/index.php\/servicios\/\" tabindex=\"-1\"><img loading=\"lazy\" decoding=\"async\" width=\"1748\" height=\"1240\" src=\"https:\/\/arufesp.com\/wp-content\/uploads\/2024\/09\/servicios.png\" alt=\"\" \/><\/a><\/figure>\n<h3><a href=\"https:\/\/arufesp.com\/index.php\/servicios\/\">Servicios<\/a><\/h3>\n<p>\u00bfSabes nosotros como empresa de servicio p\u00fablico que servicios prestamos? aqui conoceras que hacemos y como realizamos la labor del aprovechamiento,<br \/> puedes estar incluido a estos servicios.<\/p>\n<figure><a href=\"https:\/\/arufesp.com\/index.php\/que-se-recicla\/\" tabindex=\"-1\"><img loading=\"lazy\" decoding=\"async\" width=\"1748\" height=\"1240\" src=\"https:\/\/arufesp.com\/wp-content\/uploads\/2024\/09\/aprende-a-reciclar.png\" alt=\"\" \/><\/a><\/figure>\n<h3><a href=\"https:\/\/arufesp.com\/index.php\/que-se-recicla\/\">\u00bfQue se recicla?<\/a><\/h3>\n<p>Aqui aprenderas a reconocer los materiales por familias para poder seleccionar desde la fuente y poder entregar tu reciclaje lo mas limpio posible, demuestra tus conocimientos por medio de un QUIZ.<\/p>\n<figure><a href=\"https:\/\/arufesp.com\/index.php\/rutas-selectivas\/\" tabindex=\"-1\"><img loading=\"lazy\" decoding=\"async\" width=\"1748\" height=\"1240\" src=\"https:\/\/arufesp.com\/wp-content\/uploads\/2024\/09\/RUTAS-SELECTIVAS.png\" alt=\"\" \/><\/a><\/figure>\n<h3><a href=\"https:\/\/arufesp.com\/index.php\/rutas-selectivas\/\">Rutas selectivas<\/a><\/h3>\n<p>Aprende y unete a nuestras rutas selectivas, aprende el recorrido, horario y frecuencia para que puedas entregar tu material aprovechable, tambien puedes calificarla para mejorar el servicio de recolecci\u00f3n.<\/p>\n<figure><a href=\"https:\/\/arufesp.com\/index.php\/ton\/\" tabindex=\"-1\"><img loading=\"lazy\" decoding=\"async\" width=\"1748\" height=\"1240\" src=\"https:\/\/arufesp.com\/wp-content\/uploads\/2024\/08\/toneladas-reportadas.png\" alt=\"\" \/><\/a><\/figure>\n<h3><a href=\"https:\/\/arufesp.com\/index.php\/ton\/\">Reportaje de aprovechamiento y rechazo<\/a><\/h3>\n<p>Aqui podras observar la cantidad de kilogramos aprovechados en el mes anterior al igual que la cantidad de kilogramos de rechazo. Podras descargar el historial de lo que entregas con tan solo un filtro.<\/p>\n<figure><a href=\"https:\/\/arufesp.com\/index.php\/reflexion\/\" tabindex=\"-1\"><img loading=\"lazy\" decoding=\"async\" width=\"1748\" height=\"1240\" src=\"https:\/\/arufesp.com\/wp-content\/uploads\/2024\/08\/\u00bfpara-ustedes-es-importante-la-labor-del-reciclador.png\" alt=\"\" \/><\/a><\/figure>\n<h3><a href=\"https:\/\/arufesp.com\/index.php\/reflexion\/\">Reflexi\u00f3n<\/a><\/h3>\n<p>Conoce la labor del reciclador de oficio, reflexionemos acerca de esta gran labor tan importante para la sociedad y medio ambiente, nos adentraremos por un momento al mundo del reciclaje. <\/p>\n<figure><a href=\"https:\/\/arufesp.com\/index.php\/resena-historica\/\" tabindex=\"-1\"><img loading=\"lazy\" decoding=\"async\" width=\"1748\" height=\"1240\" src=\"https:\/\/arufesp.com\/wp-content\/uploads\/2024\/08\/resena-historica.png\" alt=\"\" \/><\/a><\/figure>\n<h3><a href=\"https:\/\/arufesp.com\/index.php\/resena-historica\/\">Rese\u00f1a historica<\/a><\/h3>\n<p>Conoce un poco de nuestra historia, de nuestros inicios y de las personas que hicieron posible que la asociaci\u00f3n creciera&#8230;<\/p>\n<figure><a href=\"https:\/\/arufesp.com\/index.php\/contact\/\" tabindex=\"-1\"><img loading=\"lazy\" decoding=\"async\" width=\"1748\" height=\"1240\" src=\"https:\/\/arufesp.com\/wp-content\/uploads\/2024\/08\/pqrs.png\" alt=\"\" \/><\/a><\/figure>\n<h3><a href=\"https:\/\/arufesp.com\/index.php\/contact\/\">Formulario PQRS<\/a><\/h3>\n<p>\u00bfTienes alguna petici\u00f3n, queja, reclamo, sugerencia, pregunta o felicitaci\u00f3n? con el formulario podras generar cualquiera de estas situaciones y en tiempos aplicados seran contestadas.<\/p>\n<figure><a href=\"https:\/\/arufesp.com\/index.php\/incentivo-a-la-separacion-en-la-fuente-dinc\/\" tabindex=\"-1\"><img loading=\"lazy\" decoding=\"async\" width=\"1748\" height=\"1240\" src=\"https:\/\/arufesp.com\/wp-content\/uploads\/2024\/09\/dinc.png\" alt=\"\" \/><\/a><\/figure>\n<h3><a href=\"https:\/\/arufesp.com\/index.php\/incentivo-a-la-separacion-en-la-fuente-dinc\/\">Incentivo a la separaci\u00f3n en la fuente (DINC)<\/a><\/h3>\n<p>Entrega tu reciclaje separado, limpio y seco que no supere los niveles del mas del 20% de basura y podras acceder al descuento del 4% en tu recibo de aseo. Conoce m\u00e1s acerca del DINC y se un usuario beneficiario.<\/p>\n<figure><a href=\"https:\/\/arufesp.com\/index.php\/politica-de-tratamiento-de-proteccion-de-datos-personales-de-aruf-esp\/\" tabindex=\"-1\"><img loading=\"lazy\" decoding=\"async\" width=\"1748\" height=\"1240\" src=\"https:\/\/arufesp.com\/wp-content\/uploads\/2024\/08\/\u00bfpara-ustedes-es-importante-la-labor-del-reciclador-1.png\" alt=\"\" \/><\/a><\/figure>\n<h3><a href=\"https:\/\/arufesp.com\/index.php\/politica-de-tratamiento-de-proteccion-de-datos-personales-de-aruf-esp\/\">Pol\u00edtica de tratamiento de protecci\u00f3n de datos personales de ARUF ESP.<\/a><\/h3>\n<p>Conoce la politica de tratamiento de protecci\u00f3n de datos personales al incribirse y ser parte de la plataforma de ARUF.<\/p>\n<figure><a href=\"https:\/\/arufesp.com\/\" tabindex=\"-1\"><img loading=\"lazy\" decoding=\"async\" width=\"1748\" height=\"1240\" src=\"https:\/\/arufesp.com\/wp-content\/uploads\/2024\/08\/inicio-pagina.png\" alt=\"\" \/><\/a><\/figure>\n<h3><a href=\"https:\/\/arufesp.com\/\">Inicio de la plataforma<\/a><\/h3>\n<p>Apartado principal de ARUFESP. Bienvenidos y esperamos tengan una excelente experiencia con la plataforma y el servicio de aprovechamiento.<\/p>\n<h2>MISI\u00d3N<\/h2>\n<ul>\n<li>\n\t\t\t\t\t\t\t\t\t\tEn ARUF, nuestro prop\u00f3sito es fomentar una cultura de reciclaje y sostenibilidad en Bogot\u00e1, promoviendo pr\u00e1cticas que reduzcan el impacto ambiental y mejoren la calidad de vida de los recicladores. Buscamos ser el puente entre la comunidad, las empresas y las autoridades para crear un sistema de gesti\u00f3n de residuos eficiente y justo.\n\t\t\t\t\t\t\t\t\t<\/li>\n<\/ul>\n<h2>VISI\u00d3N<\/h2>\n<ul>\n<li>\n\t\t\t\t\t\t\t\t\t\tAspiramos a construir una Bogot\u00e1 donde el reciclaje sea una pr\u00e1ctica com\u00fan y valorada, y donde los recicladores sean reconocidos y apoyados como agentes fundamentales en la protecci\u00f3n del medio ambiente y el desarrollo urbano sostenible.\n\t\t\t\t\t\t\t\t\t<\/li>\n<\/ul>\n<h2>Objetivos de Nuestra Organizaci\u00f3n<\/h2>\n<ul>\n<li>\n\t\t\t\t\t\t\t\t\t\tPrestar uno de los mejores servicios p\u00fablicos de aseo en la actividad de aprovechamiento para la ciudad de Bogot\u00e1.\n\t\t\t\t\t\t\t\t\t<\/li>\n<li>\n\t\t\t\t\t\t\t\t\t\tMejorar la calidad de trabajo y de vida de los recicladores afiliados y no afiliados.\n\t\t\t\t\t\t\t\t\t<\/li>\n<li>\n\t\t\t\t\t\t\t\t\t\tOptimizar los procesos de productividad de los residuos s\u00f3lidos por medio de la industrializaci\u00f3n.\n\t\t\t\t\t\t\t\t\t<\/li>\n<li>\n\t\t\t\t\t\t\t\t\t\tConcientizar las localidades, comunidades, barrios y j\u00f3venes la importancia de saber reciclar para mejorar el mal uso de residuos s\u00f3lidos en los hogares y establecimientos p\u00fablicos.\n\t\t\t\t\t\t\t\t\t<\/li>\n<\/ul>\n<h2><strong style=\"font-size: 50px;text-align: start\">Nuestros Valores<\/strong><\/h2>\n<p>\t\t\t\tRESPETO | LEALTAD<br \/>\n\t\t\t\t\t\t\t\t\t100%<br \/>\n\t\t\t\tHONESTIDAD | TRANSPARENCIA<br \/>\n\t\t\t\t\t\t\t\t\t100%<br \/>\n\t\t\t\tIGUALDAD | DISCIPLINA<br \/>\n\t\t\t\t\t\t\t\t\t100%<br \/>\n\t\t\t\tRESPONSABILIDAD | COMPROMISO<br \/>\n\t\t\t\t\t\t\t\t\t100%<br \/>\n\t\t\t\tSOLIDARIDAD | BONDAD<br \/>\n\t\t\t\t\t\t\t\t\t100%<br \/>\n\t\t\t\tHUMILDAD<br \/>\n\t\t\t\t\t\t\t\t\t100%<br \/>\n\t\t\t\t\tportafolio de servicios\t\t\t\t<\/p>\n<h2>\u00bfQu\u00e9 hacemos?<\/h2>\n<h3>\n\t\t\t\t\t\t\tRecolecci\u00f3n<br \/>\n\t\t\t\t\t<\/h3>\n<p>\n\t\t\t\t\t\tA trav\u00e9s de nuestros recicladores y operadores, recogemos el material aprovechable de la ciuadad de Bogot\u00e1 D.C con rutas selectivas en barrios, zonas urbanas, localidades, zonas empresariales, parques, conjuntos, negocios y empresas.\t\t\t\t\t<\/p>\n<h3>\n\t\t\t\t\t\t\tTransporte<br \/>\n\t\t\t\t\t<\/h3>\n<p>\n\t\t\t\t\t\tLos materiales son transportados por nuestros recicladores y operadores en vehiculos especializados desde la fuente hasta la Estaci\u00f3n de Clasificaci\u00f3n y Aprovechamiento (ECA).\t\t\t\t\t<\/p>\n<h3>\n\t\t\t\t\t\t\tClasificaci\u00f3n<br \/>\n\t\t\t\t\t<\/h3>\n<p>\n\t\t\t\t\t\tUna vez en nuestra BODEGA Estaci\u00f3n de Clasificaci\u00f3n y Aprovechamiento (ECA) el material es debidamente clasificado y seleccionado por diferentes familias de materiales como (metales, vidrios, plasticos, pet, periodico, cart\u00f3n y papel; posteriormente pesado para guardar la informaci\u00f3n de kg y toneladas, finalmente es almacenado en la ECA .\t\t\t\t\t<\/p>\n<h3>\n\t\t\t\t\t\t\tComercializaci\u00f3n<br \/>\n\t\t\t\t\t<\/h3>\n<p>\n\t\t\t\t\t\tEl material aprovechado es entregado a la Industria transformadores respectiva para poder darle una segunda vida a los materiales aprovechables. Se genera factura de venta que comprueba la dispocici\u00f3n final del material y dar seguridad a los usuarios que el servicio se cumple con la normativa.\t\t\t\t\t<\/p>\n<p>\t\t\t\t\t<a href=\"http:\/\/arufesp.com\/index.php\/servicios\/\" target=\"_blank\"><br \/>\n\t\t\t\t\t\t\t\t\t\u00a1Conoce m\u00e1s acerca de nuestro servicios! CLIC AQUI<br \/>\n\t\t\t\t\t<\/a><\/p>\n<h2>Env\u00edanos un mensaje si deseas m\u00e1s informaci\u00f3n acerca del servicio de aprovechamiento&#8230;<\/h2>\n<ul>\n<li>\n\t\t\t\t\t\t\t\t\t\tRecolecci\u00f3n\n\t\t\t\t\t\t\t\t\t<\/li>\n<li>\n\t\t\t\t\t\t\t\t\t\tSelecci\u00f3n y Clasificaci\u00f3n\n\t\t\t\t\t\t\t\t\t<\/li>\n<li>\n\t\t\t\t\t\t\t\t\t\tAlmacenamiento\n\t\t\t\t\t\t\t\t\t<\/li>\n<\/ul>\n<p>\t\t\t\t\t<a href=\"https:\/\/arufesp.com\/index.php\/contact\/\" target=\"_blank\"><br \/>\n\t\t\t\t\t\t\t\t\tCONTACTA CON NOSOTROS<br \/>\n\t\t\t\t\t<\/a><\/p>\n<h2>\u00bfD\u00d3NDE ESTAMOS UBICADOS?<\/h2>\n<h2>ECA PRINCIPAL &#8211; Barrio la Giralda Fontib\u00f3n <\/h2>\n<p>\t\t\t<iframe loading=\"lazy\"\n\t\t\t\t\tsrc=\"https:\/\/maps.google.com\/maps?q=Calle%2022h%20%23%20106-21&#038;t=m&#038;z=15&#038;output=embed&#038;iwloc=near\"\n\t\t\t\t\ttitle=\"Calle 22h # 106-21\"\n\t\t\t\t\taria-label=\"Calle 22h # 106-21\"\n\t\t\t><\/iframe><\/p>\n<h5>COMERCIAL<\/h5>\n<h1>\n\t\t\t\tTARIFAS\t\t\t\t<\/h1>\n<p>\t\t\t\t\t\t\t\t\t\t\t\t<a tabindex=\"0\">Ciudad Limpia:<\/a><br \/>\n\t\t\t\t\t<a href=\"https:\/\/www.ciudadlimpia.com.co\/site\/index.php\/tarifas\" target=\"_blank\" rel=\"noopener\">Ciudad Limpia.<\/a><br \/>\n\t\t\t\t\t\t\t\t\t\t\t\t<a tabindex=\"0\">Lime:<\/a><br \/>\n\t\t\t\t\t<a href=\"https:\/\/www.lime.net.co\/page\/comercial\/detalle?id=2\" target=\"_blank\" rel=\"noopener\">Lime.<\/a><br \/>\n\t\t\t\t\t\t\t\t\t\t\t\t<a tabindex=\"0\">Area Limpia:<\/a><br \/>\n\t\t\t\t\t<a href=\"https:\/\/arealimpia.com.co\/precios-y-tarifas\/\" target=\"_blank\" rel=\"noopener\">\u00c1rea Limpia.<\/a><br \/>\n\t\t\t\t\t\t\t\t\t\t\t\t<a tabindex=\"0\">Promoambiental:<\/a><br \/>\n\t\t\t\t\t<a href=\"https:\/\/www.promoambientaldistrito.com\/web\/normatividad\/\" target=\"_blank\" rel=\"noopener\">Promoambiental Distrito.<\/a><br \/>\n\t\t\t\t\t\t\t\t\t\t\t\t<a tabindex=\"0\">Bogot\u00e1 Limpia:<\/a><\/p>\n<p><a href=\"https:\/\/www.bogotalimpia.com\/tarifas-especiales\/\">Bogot\u00e1 Limpia.<\/a><\/p>\n<figure>\n\t\t\t\t\t\t\t\t\t\t<img loading=\"lazy\" decoding=\"async\" width=\"768\" height=\"808\" src=\"https:\/\/arufesp.com\/wp-content\/uploads\/2024\/09\/WhatsApp-Image-2024-09-04-at-3.37.02-PM-1.jpeg\" alt=\"\" srcset=\"https:\/\/arufesp.com\/wp-content\/uploads\/2024\/09\/WhatsApp-Image-2024-09-04-at-3.37.02-PM-1.jpeg 768w, https:\/\/arufesp.com\/wp-content\/uploads\/2024\/09\/WhatsApp-Image-2024-09-04-at-3.37.02-PM-1-285x300.jpeg 285w\" sizes=\"(max-width: 768px) 100vw, 768px\" \/><figcaption><\/figcaption><\/figure>\n<h3>ARUF ESP<\/h3>\n<p>\t\t\t\t\tSi quieres hacer alguna donaci\u00f3n o entrega de tu material aprovechable comunicate al:\t\t\t\t<\/p>\n<ul>\n<li>\n\t\t\t\t\t\t\t\t\t\t+57 310 860 3183\n\t\t\t\t\t\t\t\t\t<\/li>\n<\/ul>\n<h4>\n\t\t\t\t\t\t\t310 860 3183<br \/>\n\t\t\t\t\t<\/h4>\n<h4>\n\t\t\t\t\t\t\tsecretariaaruf@gmail.com<br \/>\n\t\t\t\t\t<\/h4>\n<h4>\n\t\t\t\t\t\t\tCalle 22 H # 106 &#8211; 21<br \/>\n\t\t\t\t\t<\/h4>\n<p>\n\t\t\t\t\t\tFobtib\u00f3n, Bogot\u00e1 D.C\t\t\t\t\t<\/p>\n<p>\t\t\t\t\t\t\t\t\t\t\t\t\t\t\t\t<a href=\"https:\/\/sui.superservicios.gov.co\/\"><br \/>\n\t\t\t\t\t\t\t<img loading=\"lazy\" decoding=\"async\" width=\"833\" height=\"555\" src=\"https:\/\/arufesp.com\/wp-content\/uploads\/2024\/09\/superservicios-logo.jpg\" alt=\"\" srcset=\"https:\/\/arufesp.com\/wp-content\/uploads\/2024\/09\/superservicios-logo.jpg 833w, https:\/\/arufesp.com\/wp-content\/uploads\/2024\/09\/superservicios-logo-300x200.jpg 300w, https:\/\/arufesp.com\/wp-content\/uploads\/2024\/09\/superservicios-logo-768x512.jpg 768w\" sizes=\"(max-width: 833px) 100vw, 833px\" \/>\t\t\t\t\t\t\t\t<\/a><br \/>\n\t\t\t\t\t\t\t\t\t\t\t\t\t\t\t\t<a href=\"https:\/\/bogota.gov.co\/\"><br \/>\n\t\t\t\t\t\t\t<img loading=\"lazy\" decoding=\"async\" width=\"260\" height=\"194\" src=\"https:\/\/arufesp.com\/wp-content\/uploads\/2024\/09\/alcaldia-logo.png\" alt=\"\" \/>\t\t\t\t\t\t\t\t<\/a><br \/>\n\t\t\t\t\t\t\t\t\t\t\t\t\t\t\t\t<a href=\"https:\/\/www.uaesp.gov.co\/\"><br \/>\n\t\t\t\t\t\t\t<img loading=\"lazy\" decoding=\"async\" width=\"230\" height=\"155\" src=\"https:\/\/arufesp.com\/wp-content\/uploads\/2024\/09\/uaesplogo.jpg\" alt=\"\" \/>\t\t\t\t\t\t\t\t<\/a><br \/>\n\t\t\t\t\t\t\t\t\t\t\t\t\t\t\t\t<a href=\"https:\/\/www.cra.gov.co\/\"><br \/>\n\t\t\t\t\t\t\t<img loading=\"lazy\" decoding=\"async\" width=\"1024\" height=\"358\" src=\"https:\/\/arufesp.com\/wp-content\/uploads\/2024\/09\/cra-logo-1024x358.png\" alt=\"\" srcset=\"https:\/\/arufesp.com\/wp-content\/uploads\/2024\/09\/cra-logo-1024x358.png 1024w, https:\/\/arufesp.com\/wp-content\/uploads\/2024\/09\/cra-logo-300x105.png 300w, https:\/\/arufesp.com\/wp-content\/uploads\/2024\/09\/cra-logo-768x268.png 768w, https:\/\/arufesp.com\/wp-content\/uploads\/2024\/09\/cra-logo-1536x537.png 1536w, https:\/\/arufesp.com\/wp-content\/uploads\/2024\/09\/cra-logo-2048x716.png 2048w\" sizes=\"(max-width: 1024px) 100vw, 1024px\" \/>\t\t\t\t\t\t\t\t<\/a><\/p>\n","protected":false},"excerpt":{"rendered":"<p>https:\/\/arufesp.com\/wp-content\/uploads\/2025\/01\/fontibon-ruta-selectiva.mp4 Accede a tu cuenta \u00bfYa tienes una cuenta asociada? ingresa al panel de control de tu perfil desde este apartado. Registrate a la plataforma Si aun no tienes una cuenta en ARUF, creala desde aqui y podras acceder a muchos beneficios. Nuevas noticias Mira las ultimas noticias y y novedades que han sucedido en&hellip;&nbsp;<a href=\"https:\/\/arufesp.com\/\" rel=\"bookmark\">Leer m\u00e1s &raquo;<span class=\"screen-reader-text\">Inicio<\/span><\/a><\/p>\n","protected":false},"author":1,"featured_media":1235,"parent":0,"menu_order":0,"comment_status":"closed","ping_status":"closed","template":"elementor_header_footer","meta":{"neve_meta_sidebar":"","neve_meta_container":"","neve_meta_enable_content_width":"off","neve_meta_content_width":0,"neve_meta_title_alignment":"","neve_meta_author_avatar":"","neve_post_elements_order":"","neve_meta_disable_header":"","neve_meta_disable_footer":"","neve_meta_disable_title":"","footnotes":""},"class_list":["post-268","page","type-page","status-publish","has-post-thumbnail","hentry"],"_links":{"self":[{"href":"https:\/\/arufesp.com\/index.php\/wp-json\/wp\/v2\/pages\/268","targetHints":{"allow":["GET"]}}],"collection":[{"href":"https:\/\/arufesp.com\/index.php\/wp-json\/wp\/v2\/pages"}],"about":[{"href":"https:\/\/arufesp.com\/index.php\/wp-json\/wp\/v2\/types\/page"}],"author":[{"embeddable":true,"href":"https:\/\/arufesp.com\/index.php\/wp-json\/wp\/v2\/users\/1"}],"replies":[{"embeddable":true,"href":"https:\/\/arufesp.com\/index.php\/wp-json\/wp\/v2\/comments?post=268"}],"version-history":[{"count":554,"href":"https:\/\/arufesp.com\/index.php\/wp-json\/wp\/v2\/pages\/268\/revisions"}],"predecessor-version":[{"id":2387,"href":"https:\/\/arufesp.com\/index.php\/wp-json\/wp\/v2\/pages\/268\/revisions\/2387"}],"wp:featuredmedia":[{"embeddable":true,"href":"https:\/\/arufesp.com\/index.php\/wp-json\/wp\/v2\/media\/1235"}],"wp:attachment":[{"href":"https:\/\/arufesp.com\/index.php\/wp-json\/wp\/v2\/media?parent=268"}],"curies":[{"name":"wp","href":"https:\/\/api.w.org\/{rel}","templated":true}]}}